{"id":98,"date":"2026-02-16T23:52:33","date_gmt":"2026-02-16T22:52:33","guid":{"rendered":"https:\/\/newfebacam.tolmatica.com\/?page_id=98"},"modified":"2026-03-04T02:10:18","modified_gmt":"2026-03-04T01:10:18","slug":"transparencia","status":"publish","type":"page","link":"https:\/\/www.febacam.com\/?page_id=98","title":{"rendered":"Transparencia"},"content":{"rendered":"\n<p>En aplicaci\u00f3n de la Ley 10\/2013, de 9 de diciembre, de transparencia, acceso a la informaci\u00f3n p\u00fablica y buen gobierno y de la Ley 5\/15, de 26 de marzo, de la Actividad F\u00edsica y el Deporte de Castilla-La Mancha a las que se somete esta federaci\u00f3n, en este apartado se publicar\u00e1 toda la informaci\u00f3n y documentos relevantes:<\/p>\n\n\n\n<p><a href=\"files\/16-17\/normativa\/BOE-A-2013-12887-Ley transparencia.pdf\" target=\"_blank\" rel=\"noreferrer noopener\">Ley 10\/2013, de 9 de diciembre, de transparencia, acceso a la informaci\u00f3n p\u00fablica y buen gobierno<\/a><\/p>\n\n\n\n<p><a href=\"files\/16-17\/normativa\/Ley%205_15,de%2026%20de%20marzo,de%20la%20Actividad%20F%C3%ADsica%20y%20el%20Deporte%20de%20Castilla-La%20Mancha.pdf\" target=\"_blank\" rel=\"noreferrer noopener\">Ley 5\/15, de 26 de marzo, de la Actividad F\u00edsica y el Deporte de Castilla-La Mancha<\/a><\/p>\n\n\n\n<h1 class=\"wp-block-heading\"><strong>INFORMACI\u00d3N INSTITUCIONAL<\/strong><\/h1>\n\n\n\n<h3 class=\"wp-block-heading\">FUNCIONES<\/h3>\n\n\n\n<p>\u00b7&nbsp;<a href=\"files\/2022\/FEBACAM%20- Estatutos.pdf\" target=\"_blank\" rel=\"noreferrer noopener\">Estatutos de la Federaci\u00f3n de B\u00e1dminton de Castilla La Mancha<\/a><\/p>\n\n\n\n<h3 class=\"wp-block-heading\">REGLAMENTOS&nbsp;<\/h3>\n\n\n\n<p>\u00b7&nbsp;<a href=\"files\/16-17\/normativa\/FEBACAM - Reglamento General-v1.pdf\" target=\"_blank\" rel=\"noreferrer noopener\">Reglamento general<\/a><\/p>\n\n\n\n<p>\u00b7&nbsp;<a href=\"files\/16-17\/normativa\/FEBACAM - Reglamento T\u00e9cnico.pdf\" target=\"_blank\" rel=\"noreferrer noopener\">Reglamento T\u00e9cnico<\/a><\/p>\n\n\n\n<p>\u00b7&nbsp;<a href=\"files\/16-17\/normativa\/FEBACAM - Reglamento Electoral-v1.pdf\" target=\"_blank\" rel=\"noreferrer noopener\">Reglamento Electoral<\/a><\/p>\n\n\n\n<p>\u00b7&nbsp;<a href=\"files\/16-17\/normativa\/FEBACAM - Reglamento disciplinario-v1.pdf\" target=\"_blank\" rel=\"noreferrer noopener\">Reglamento disciplinario<\/a><\/p>\n\n\n\n<p>Normativas y documentos actualizados cada temporada pueden consultarse en este\u00a0<a href=\"https:\/\/www.febacam.com\/?page_id=22\" data-type=\"page\" data-id=\"22\">enlace<\/a><\/p>\n\n\n\n<h3 class=\"wp-block-heading\">ESTRUCTURA ORGANIZATIVA<\/h3>\n\n\n\n<p>La estructura organizativa de esta federaci\u00f3n puede consultarse en el siguiente <a href=\"https:\/\/www.febacam.com\/?page_id=12\" data-type=\"page\" data-id=\"12\" target=\"_blank\" rel=\"noreferrer noopener\">enlace<\/a><\/p>\n\n\n\n<h1 class=\"wp-block-heading\"><strong>INFORMACI\u00d3N ECON\u00d3MICA, PRESUPUESTARIA Y ESTAD\u00cdSTICA<\/strong><\/h1>\n\n\n\n<h3 class=\"wp-block-heading\"><strong>CONTRATOS<\/strong><\/h3>\n\n\n\n<p>\u00b7 Actualmente no existen contratos relevantes con terceros.<\/p>\n\n\n\n<h3 class=\"wp-block-heading\"><strong>CONVENIOS<\/strong><\/h3>\n\n\n\n<p>\u00b7 Convenio con el Hospital de Parapl\u00e9jicos de Toledo por el cual la federaci\u00f3n mantiene una escuela de b\u00e1dminton en el centro.<\/p>\n\n\n\n<p>\u00b7 Convenio de cesi\u00f3n del Complejo polideportivo Rafael del Pino a la Federaci\u00f3n de B\u00e1dminton de Castilla La Mancha.<\/p>\n\n\n\n<h3 class=\"wp-block-heading\"><strong>SUBVENCIONES Y AYUDAS P\u00daBLICAS<\/strong><\/h3>\n\n\n\n<p>\u00b7&nbsp;<a href=\"https:\/\/deportes.castillalamancha.es\/sites\/default\/files\/2025-11\/2025_8985.pdf\">Subvenciones para la organizaci\u00f3n y gesti\u00f3n de las federaciones deportivas durante 2025<\/a><\/p>\n\n\n\n<p>\u00b7&nbsp;Subvenciones Subvenciones para la organizaci\u00f3n de eventos deportivos de especial inter\u00e9s en Castilla-La Mancha 2025<\/p>\n\n\n\n<p>\u00b7&nbsp;<a href=\"https:\/\/deportes.castillalamancha.es\/sites\/default\/files\/2024-10\/Resoluci%C3%B3n%20de%20concesi%C3%B3n%20de%20ayuda%20a%20federaciones%202024_8589.pdf\" target=\"_blank\" rel=\"noreferrer noopener\">Subvenciones para la organizaci\u00f3n y gesti\u00f3n de las federaciones deportivas durante 2024<\/a><\/p>\n\n\n\n<p><a href=\"https:\/\/docm.jccm.es\/docm\/descargarArchivo.do?ruta=2024\/11\/18\/pdf\/2024_9066.pdf&amp;tipo=rutaDocm\" target=\"_blank\" rel=\"noreferrer noopener\">\u00b7&nbsp;Subvenciones Subvenciones para la organizaci\u00f3n de eventos deportivos de especial inter\u00e9s en Castilla-La Mancha 2024<\/a><\/p>\n\n\n\n<p><a href=\"https:\/\/deportes.castillalamancha.es\/subvenciones-y-ayudas\/subvenciones-organizacion-de-competiciones-de-deporte-adaptado-e-inclusivo-y\" target=\"_blank\" rel=\"noreferrer noopener\">\u00b7 Subvenciones organizaci\u00f3n de competiciones de deporte adaptado e inclusivo y competiciones deportivas femeninas y en igualdad de g\u00e9nero &#8211; Plan de Recuperaci\u00f3n, Transformaci\u00f3n y Resiliencia<\/a>&nbsp;<\/p>\n\n\n\n<p><a href=\"https:\/\/deportes.castillalamancha.es\/subvenciones-y-ayudas\/subvenciones-para-la-organizacion-y-gestion-de-las-federaciones-deportivas-6\" target=\"_blank\" rel=\"noreferrer noopener\">\u00b7&nbsp;Subvenciones para la organizaci\u00f3n y gesti\u00f3n de las federaciones deportivas durante 2023<\/a><\/p>\n\n\n\n<p><a href=\"https:\/\/deportes.castillalamancha.es\/subvenciones-y-ayudas\/subvenciones-para-la-organizacion-y-gestion-de-las-federaciones-deportivas-5\" target=\"_blank\" rel=\"noreferrer noopener\">\u00b7&nbsp;Subvenciones para la organizaci\u00f3n y gesti\u00f3n de las federaciones deportivas durante 2022<\/a><\/p>\n\n\n\n<p><a href=\"https:\/\/deportes.castillalamancha.es\/subvenciones-y-ayudas\/subvenciones-para-la-organizacion-de-eventos-deportivos-de-especial-interes-3\" target=\"_blank\" rel=\"noreferrer noopener\">\u00b7&nbsp;Subvenciones Subvenciones para la organizaci\u00f3n de eventos deportivos de especial inter\u00e9s en Castilla-La Mancha 2022<\/a><\/p>\n\n\n\n<h3 class=\"wp-block-heading\"><strong>PRESUPUESTO<\/strong>&nbsp;<\/h3>\n\n\n\n<p>\u00b7\u00a0Presupuesto 2026<\/p>\n\n\n\n<h3 class=\"wp-block-heading\"><strong>CUENTAS ANUALES<\/strong><\/h3>\n\n\n\n<p>&nbsp;\u00b7 <a href=\"files\/2025\/DOCUMENTOS\/PYG%202024 FEBACAM.pdf\">Cuenta de P\u00e9rdidas y ganancias 2024<\/a><\/p>\n\n\n\n<h3 class=\"wp-block-heading\"><strong>ACTAS Y CONVOCATORIAS 2026<\/strong><\/h3>\n\n\n\n<ul class=\"wp-block-list\">\n<li>Junta Directiva 13\/12\/2026\n<ul class=\"wp-block-list\">\n<li>Convocatoria<\/li>\n\n\n\n<li>Acta<\/li>\n<\/ul>\n<\/li>\n\n\n\n<li>Junta Directiva 20\/03\/2026\n<ul class=\"wp-block-list\">\n<li>Convocatoria<\/li>\n\n\n\n<li>Acta<\/li>\n<\/ul>\n<\/li>\n\n\n\n<li>Asamblea Ordinaria 24\/03\/2026\n<ul class=\"wp-block-list\">\n<li>Convocatoria<\/li>\n\n\n\n<li>Acta<\/li>\n<\/ul>\n<\/li>\n<\/ul>\n","protected":false},"excerpt":{"rendered":"<p>En aplicaci\u00f3n de la Ley 10\/2013, de 9 de diciembre, de transparencia, acceso a la informaci\u00f3n p\u00fablica y buen gobierno y de la Ley 5\/15, de 26 de marzo, de la Actividad F\u00edsica y el Deporte de Castilla-La Mancha a las que se somete esta federaci\u00f3n, en este apartado se publicar\u00e1 toda la informaci\u00f3n y [&hellip;]<\/p>\n","protected":false},"author":1,"featured_media":0,"parent":0,"menu_order":0,"comment_status":"closed","ping_status":"closed","template":"","meta":{"footnotes":""},"class_list":["post-98","page","type-page","status-publish","hentry"],"_links":{"self":[{"href":"https:\/\/www.febacam.com\/index.php?rest_route=\/wp\/v2\/pages\/98","targetHints":{"allow":["GET"]}}],"collection":[{"href":"https:\/\/www.febacam.com\/index.php?rest_route=\/wp\/v2\/pages"}],"about":[{"href":"https:\/\/www.febacam.com\/index.php?rest_route=\/wp\/v2\/types\/page"}],"author":[{"embeddable":true,"href":"https:\/\/www.febacam.com\/index.php?rest_route=\/wp\/v2\/users\/1"}],"replies":[{"embeddable":true,"href":"https:\/\/www.febacam.com\/index.php?rest_route=%2Fwp%2Fv2%2Fcomments&post=98"}],"version-history":[{"count":4,"href":"https:\/\/www.febacam.com\/index.php?rest_route=\/wp\/v2\/pages\/98\/revisions"}],"predecessor-version":[{"id":216,"href":"https:\/\/www.febacam.com\/index.php?rest_route=\/wp\/v2\/pages\/98\/revisions\/216"}],"wp:attachment":[{"href":"https:\/\/www.febacam.com\/index.php?rest_route=%2Fwp%2Fv2%2Fmedia&parent=98"}],"curies":[{"name":"wp","href":"https:\/\/api.w.org\/{rel}","templated":true}]}}