{"id":22,"date":"2026-02-08T00:33:38","date_gmt":"2026-02-07T23:33:38","guid":{"rendered":"https:\/\/newfebacam.tolmatica.com\/?page_id=22"},"modified":"2026-03-04T00:31:24","modified_gmt":"2026-03-03T23:31:24","slug":"normativas","status":"publish","type":"page","link":"https:\/\/www.febacam.com\/?page_id=22","title":{"rendered":"Normativas"},"content":{"rendered":"\n<p><a href=\"https:\/\/deportes.castillalamancha.es\/sites\/default\/files\/documentos\/legislacion\/20170718\/estatutos_federacion_de_badminton.pdf\" target=\"_blank\" rel=\"noreferrer noopener\">Estatutos Federaci\u00f3n deB\u00e1dminton de Castilla-La Mancha<\/a><\/p>\n\n\n\n<p><strong>Reglamentos<\/strong><\/p>\n\n\n\n<ul class=\"wp-block-list\">\n<li><a href=\"https:\/\/deportes.castillalamancha.es\/sites\/default\/files\/documentos\/legislacion\/20170718\/reglamento_general_federacion_de_badminton.pdf\" target=\"_blank\" rel=\"noreferrer noopener\">Reglamento General Federaci\u00f3n B\u00e1dminton<\/a><\/li>\n\n\n\n<li><a href=\"https:\/\/deportes.castillalamancha.es\/sites\/default\/files\/documentos\/legislacion\/20170718\/reglamento_tecnico_federacion_de_badminton.pdf\" target=\"_blank\" rel=\"noreferrer noopener\">Reglamento T\u00e9cnico Federaci\u00f3n B\u00e1dminton<\/a><\/li>\n\n\n\n<li><a href=\"https:\/\/deportes.castillalamancha.es\/sites\/default\/files\/documentos\/legislacion\/20170718\/reglamento_disciplinario_federacion_de_badminton.pdf\" target=\"_blank\" rel=\"noreferrer noopener\">Reglamento Disciplinario Federaci\u00f3n B\u00e1dminton<\/a><\/li>\n\n\n\n<li><a href=\"https:\/\/deportes.castillalamancha.es\/sites\/default\/files\/documentos\/legislacion\/20170718\/reglamento_electoral_federacion_de_badminton.pdf\" target=\"_blank\" rel=\"noreferrer noopener\">Reglamento Electoral Federaci\u00f3n B\u00e1dminton<\/a><\/li>\n<\/ul>\n\n\n\n<p><strong>Normativas 2026<\/strong><\/p>\n\n\n\n<ul class=\"wp-block-list\">\n<li>&#8230;.<\/li>\n\n\n\n<li>&#8230;<\/li>\n<\/ul>\n\n\n\n<p><strong>Otros documentos<\/strong><\/p>\n\n\n\n<ul class=\"wp-block-list\">\n<li>&#8230;<\/li>\n\n\n\n<li>&#8230;<\/li>\n<\/ul>\n","protected":false},"excerpt":{"rendered":"<p>Estatutos Federaci\u00f3n deB\u00e1dminton de Castilla-La Mancha Reglamentos Normativas 2026 Otros documentos<\/p>\n","protected":false},"author":1,"featured_media":0,"parent":0,"menu_order":0,"comment_status":"closed","ping_status":"closed","template":"","meta":{"footnotes":""},"class_list":["post-22","page","type-page","status-publish","hentry"],"_links":{"self":[{"href":"https:\/\/www.febacam.com\/index.php?rest_route=\/wp\/v2\/pages\/22","targetHints":{"allow":["GET"]}}],"collection":[{"href":"https:\/\/www.febacam.com\/index.php?rest_route=\/wp\/v2\/pages"}],"about":[{"href":"https:\/\/www.febacam.com\/index.php?rest_route=\/wp\/v2\/types\/page"}],"author":[{"embeddable":true,"href":"https:\/\/www.febacam.com\/index.php?rest_route=\/wp\/v2\/users\/1"}],"replies":[{"embeddable":true,"href":"https:\/\/www.febacam.com\/index.php?rest_route=%2Fwp%2Fv2%2Fcomments&post=22"}],"version-history":[{"count":4,"href":"https:\/\/www.febacam.com\/index.php?rest_route=\/wp\/v2\/pages\/22\/revisions"}],"predecessor-version":[{"id":189,"href":"https:\/\/www.febacam.com\/index.php?rest_route=\/wp\/v2\/pages\/22\/revisions\/189"}],"wp:attachment":[{"href":"https:\/\/www.febacam.com\/index.php?rest_route=%2Fwp%2Fv2%2Fmedia&parent=22"}],"curies":[{"name":"wp","href":"https:\/\/api.w.org\/{rel}","templated":true}]}}