{"id":12,"date":"2026-02-07T23:15:17","date_gmt":"2026-02-07T23:15:17","guid":{"rendered":"https:\/\/newfebacam.tolmatica.com\/?page_id=12"},"modified":"2026-03-08T12:06:02","modified_gmt":"2026-03-08T11:06:02","slug":"federacion","status":"publish","type":"page","link":"https:\/\/www.febacam.com\/?page_id=12","title":{"rendered":"FEDERACI\u00d3N"},"content":{"rendered":"\n<p>A continuaci\u00f3n se detalla toda la estructura federativa definida a ra\u00edz de las \u00faltimas elecciones celebradas: <\/p>\n\n\n\n<h3 class=\"wp-block-heading\"><strong>ASAMBLEA<\/strong> ________________________________________________________________<\/h3>\n\n\n\n<p><strong>ESTAMENTO DEPORTISTAS<\/strong><\/p>\n\n\n\n<ul class=\"wp-block-list\">\n<li>ANTONIO BACETE DELGADO<\/li>\n\n\n\n<li>MIGUEL \u00c1NGEL POLO GARC\u00cdA<\/li>\n\n\n\n<li>DANIEL S\u00c1NCHEZ LARSEN<\/li>\n\n\n\n<li>ZULEMA MART\u00cdNEZ BRAVO<\/li>\n\n\n\n<li>JOS\u00c9 SOUTO LARA<\/li>\n\n\n\n<li>JES\u00daS DE LA MATA SACRIST\u00c1N<\/li>\n<\/ul>\n\n\n\n<p><strong>ESTAMENTO DE T\u00c9CNICOS<\/strong><\/p>\n\n\n\n<ul class=\"wp-block-list\">\n<li>MARIO SERRANO QUEREDA<\/li>\n<\/ul>\n\n\n\n<p><strong>ESTAMENTO DE CLUBES<\/strong><\/p>\n\n\n\n<ul class=\"wp-block-list\">\n<li>CLUB B\u00c1DMINTON MORAL DE CALATRAVA<\/li>\n\n\n\n<li>CLUB B\u00c1DMINTON GOOSE WINGS<\/li>\n\n\n\n<li>CLUB CULTURAL AGUAS NUEVAS<\/li>\n\n\n\n<li>CLUB B\u00c1DMINTON ALBATROS<\/li>\n\n\n\n<li>CLUB B\u00c1DMINTON ALBACETE<\/li>\n\n\n\n<li>CLUB B\u00c1DMINTON BURGUILLOS<\/li>\n\n\n\n<li>CLUB B\u00c1DMINTON GUADALAJARA<\/li>\n<\/ul>\n\n\n\n<p><strong>ESTAMENTO DE \u00c1RBITROS<\/strong><\/p>\n\n\n\n<ul class=\"wp-block-list\">\n<li>JAIME POLO BONILLA<\/li>\n<\/ul>\n\n\n\n<h3 class=\"wp-block-heading\"><strong>JUNTA DIRECTIVA<\/strong> __________________________________________________________<\/h3>\n\n\n\n<ul class=\"wp-block-list\">\n<li><strong>Presidente<\/strong>:  Daniel S\u00e1nchez Larsen<\/li>\n\n\n\n<li><strong>Vicepresidente<\/strong>:  Miguel \u00c1ngel Polo Garc\u00eda<\/li>\n\n\n\n<li><strong>Secretario General<\/strong>: David de la Cruz Sarmiento<\/li>\n\n\n\n<li><strong>Vocal Delegado de Clubes<\/strong>:  Club B\u00e1dminton Moral de Calatrava<\/li>\n\n\n\n<li><strong>Vocal Delegado de Deportistas<\/strong>:  Jes\u00fas de la Mata Sacrist\u00e1n<\/li>\n\n\n\n<li><strong>Vocal Delegado de T\u00e9cnicos<\/strong>:  Mario Serrano Quereda<\/li>\n\n\n\n<li><strong>Vocal Delegado de \u00c1rbitros<\/strong>:  Jaime Polo Bonilla<\/li>\n\n\n\n<li><strong>Vocal<\/strong>:  Agust\u00edn Jim\u00e9nez Sancho<\/li>\n\n\n\n<li><strong>Vocal<\/strong>: Mariano Santos Suarez<\/li>\n\n\n\n<li><strong>Vocal<\/strong>: Miguel Serrano Fern\u00e1ndez<\/li>\n<\/ul>\n\n\n\n<h3 class=\"wp-block-heading\">OTRAS ESTRUCTURAS FEDRATIVAS _____________________________________<\/h3>\n\n\n\n<p>Delegado de Clubes<\/p>\n\n\n\n<ul class=\"wp-block-list\">\n<li>Club B\u00e1dminton Moral de Calatrava<\/li>\n<\/ul>\n\n\n\n<p>Delegado de \u00c1rbitros<\/p>\n\n\n\n<ul class=\"wp-block-list\">\n<li>Jaime Polo Bonilla<\/li>\n<\/ul>\n\n\n\n<p><strong>Delegado de Deportistas<\/strong><\/p>\n\n\n\n<ul class=\"wp-block-list\">\n<li>Jes\u00fas de la Mata Sacrist\u00e1n<\/li>\n<\/ul>\n\n\n\n<p><strong>Delegado de T\u00e9cnicos<\/strong><\/p>\n\n\n\n<ul class=\"wp-block-list\">\n<li>Mario Serrano Quereda<\/li>\n<\/ul>\n\n\n\n<h3 class=\"wp-block-heading\">Comit\u00e9 de Competici\u00f3n<\/h3>\n\n\n\n<ul class=\"wp-block-list\">\n<li>Miguel \u00c1ngel Polo<\/li>\n\n\n\n<li>David de la Cruz<\/li>\n\n\n\n<li>Borja Os\u00e9s<\/li>\n<\/ul>\n\n\n\n<h3 class=\"wp-block-heading\">Comit\u00e9 de Tecnificaci\u00f3n Deportiva<\/h3>\n\n\n\n<ul class=\"wp-block-list\">\n<li>Club B\u00e1dminton Moral de Calatrava<\/li>\n\n\n\n<li>Jes\u00fas de la Mata Sacrist\u00e1n<\/li>\n\n\n\n<li>Mario Serrano Quereda<\/li>\n\n\n\n<li>Miguel \u00c1ngel Polo Garc\u00eda<\/li>\n\n\n\n<li>Daniel S\u00e1nchez L\u00e1rsen<\/li>\n<\/ul>\n\n\n\n<h3 class=\"wp-block-heading\">Comit\u00e9 de Formaci\u00f3n<\/h3>\n\n\n\n<ul class=\"wp-block-list\">\n<li>Mario Serrano Quereda<\/li>\n\n\n\n<li>Miguel \u00c1ngel Polo<\/li>\n\n\n\n<li>Ra\u00fal Mart\u00ednez<\/li>\n<\/ul>\n\n\n\n<h3 class=\"wp-block-heading\">Comit\u00e9 de \u00c1rbitros<\/h3>\n\n\n\n<ul class=\"wp-block-list\">\n<li>Jaime Polo Bonilla<\/li>\n\n\n\n<li>Miguel \u00c1ngel Polo<\/li>\n\n\n\n<li>Jos\u00e9 Souto<\/li>\n<\/ul>\n","protected":false},"excerpt":{"rendered":"<p>A continuaci\u00f3n se detalla toda la estructura federativa definida a ra\u00edz de las \u00faltimas elecciones celebradas: ASAMBLEA ________________________________________________________________ ESTAMENTO DEPORTISTAS ESTAMENTO DE T\u00c9CNICOS ESTAMENTO DE CLUBES ESTAMENTO DE \u00c1RBITROS JUNTA DIRECTIVA __________________________________________________________ OTRAS ESTRUCTURAS FEDRATIVAS _____________________________________ Delegado de Clubes Delegado de \u00c1rbitros Delegado de Deportistas Delegado de T\u00e9cnicos Comit\u00e9 de Competici\u00f3n Comit\u00e9 de Tecnificaci\u00f3n Deportiva [&hellip;]<\/p>\n","protected":false},"author":1,"featured_media":9,"parent":0,"menu_order":0,"comment_status":"closed","ping_status":"closed","template":"","meta":{"footnotes":""},"class_list":["post-12","page","type-page","status-publish","has-post-thumbnail","hentry"],"_links":{"self":[{"href":"https:\/\/www.febacam.com\/index.php?rest_route=\/wp\/v2\/pages\/12","targetHints":{"allow":["GET"]}}],"collection":[{"href":"https:\/\/www.febacam.com\/index.php?rest_route=\/wp\/v2\/pages"}],"about":[{"href":"https:\/\/www.febacam.com\/index.php?rest_route=\/wp\/v2\/types\/page"}],"author":[{"embeddable":true,"href":"https:\/\/www.febacam.com\/index.php?rest_route=\/wp\/v2\/users\/1"}],"replies":[{"embeddable":true,"href":"https:\/\/www.febacam.com\/index.php?rest_route=%2Fwp%2Fv2%2Fcomments&post=12"}],"version-history":[{"count":13,"href":"https:\/\/www.febacam.com\/index.php?rest_route=\/wp\/v2\/pages\/12\/revisions"}],"predecessor-version":[{"id":272,"href":"https:\/\/www.febacam.com\/index.php?rest_route=\/wp\/v2\/pages\/12\/revisions\/272"}],"wp:featuredmedia":[{"embeddable":true,"href":"https:\/\/www.febacam.com\/index.php?rest_route=\/wp\/v2\/media\/9"}],"wp:attachment":[{"href":"https:\/\/www.febacam.com\/index.php?rest_route=%2Fwp%2Fv2%2Fmedia&parent=12"}],"curies":[{"name":"wp","href":"https:\/\/api.w.org\/{rel}","templated":true}]}}